{"id":417,"date":"2023-05-12T16:59:48","date_gmt":"2023-05-12T16:59:48","guid":{"rendered":"https:\/\/dascoidaho.com\/?page_id=417"},"modified":"2024-08-20T19:53:32","modified_gmt":"2024-08-20T19:53:32","slug":"natural-gas","status":"publish","type":"page","link":"https:\/\/dascoidaho.com\/es\/natural-gas\/","title":{"rendered":"Gas natural"},"content":{"rendered":"<div id=\"fws_69ed0fa6833a0\"  data-column-margin=\"default\" data-midnight=\"light\" data-top-percent=\"12%\" data-bottom-percent=\"12%\"  class=\"wpb_row vc_row-fluid vc_row full-width-content vc_row-o-equal-height vc_row-flex vc_row-o-content-top parallax_section right_padding_10pct left_padding_10pct top_padding_tablet_25pct\"  style=\"padding-top: calc(100vw * 0.12); padding-bottom: calc(100vw * 0.12); \"><div class=\"row-bg-wrap\" data-bg-animation=\"none\" data-bg-animation-delay=\"\" data-bg-overlay=\"true\"><div class=\"inner-wrap row-bg-layer using-image\" ><div class=\"row-bg viewport-desktop using-image using-bg-color\" data-parallax-speed=\"fast\" style=\"background-image: url(https:\/\/dascoidaho.com\/wp-content\/uploads\/2022\/01\/1-scaled-e1657558035906.jpg); background-position: center center; background-repeat: no-repeat; background-color: #0a0606; \"><\/div><\/div><div class=\"row-bg-overlay row-bg-layer\" style=\"background: rgba(10,10,10,0.4); background: linear-gradient(to bottom,rgba(10,10,10,0.4) 0%,#0a0a0a 100%);  opacity: 0.95; \"><\/div><\/div><div class=\"row_col_wrap_12 col span_12 light left\">\n\t<div  class=\"vc_col-sm-12 wpb_column column_container vc_column_container col centered-text no-extra-padding el_spacing_0px inherit_tablet inherit_phone\"  data-padding-pos=\"all\" data-has-bg-color=\"false\" data-bg-color=\"\" data-bg-opacity=\"1\" data-animation=\"\" data-delay=\"0\" >\n\t\t<div class=\"vc_column-inner\" >\n\t\t\t<div class=\"wpb_wrapper\">\n\t\t\t\t<div id=\"fws_69ed0fa68375c\" data-midnight=\"\" data-column-margin=\"none\" class=\"wpb_row vc_row-fluid vc_row inner_row\"  style=\" z-index: 100;\"><div class=\"row-bg-wrap\"> <div class=\"row-bg\" ><\/div> <\/div><div class=\"row_col_wrap_12_inner col span_12  left\">\n\t<div  class=\"vc_col-sm-12 wpb_column column_container vc_column_container col child_column no-extra-padding inherit_tablet inherit_phone\"   data-padding-pos=\"all\" data-has-bg-color=\"false\" data-bg-color=\"\" data-bg-opacity=\"1\" data-animation=\"\" data-delay=\"0\" >\n\t\t<div class=\"vc_column-inner\" >\n\t\t<div class=\"wpb_wrapper\">\n\t\t\t<div class=\"nectar-split-heading  font_size_8vw\" data-align=\"default\" data-m-align=\"inherit\" data-text-effect=\"letter-reveal-bottom\" data-animation-type=\"line-reveal-by-space\" data-animation-delay=\"0\" data-animation-offset=\"\" data-m-rm-animation=\"\" data-stagger=\"true\" data-custom-font-size=\"true\" style=\"font-size: 8vw; line-height: 8.8vw;\"><h2 >Gas natural<\/h2><\/div>\n\t\t<\/div> \n\t<\/div>\n\t<\/div> \n<\/div><\/div>\n\t\t\t<\/div> \n\t\t<\/div>\n\t<\/div> \n<\/div><\/div>\n\t\t<div id=\"fws_69ed0fa683b9c\"  data-column-margin=\"default\" data-midnight=\"dark\" data-top-percent=\"3%\" data-bottom-percent=\"10%\"  class=\"wpb_row vc_row-fluid vc_row full-width-section\"  style=\"padding-top: calc(100vw * 0.03); padding-bottom: calc(100vw * 0.10); \"><div class=\"row-bg-wrap\" data-bg-animation=\"none\" data-bg-animation-delay=\"\" data-bg-overlay=\"false\"><div class=\"inner-wrap row-bg-layer\" ><div class=\"row-bg viewport-desktop\"  style=\"\"><\/div><\/div><\/div><div class=\"row_col_wrap_12 col span_12 dark left\">\n\t<div  class=\"vc_col-sm-1 wpb_column column_container vc_column_container col no-extra-padding inherit_tablet inherit_phone\"  data-padding-pos=\"all\" data-has-bg-color=\"false\" data-bg-color=\"\" data-bg-opacity=\"1\" data-animation=\"\" data-delay=\"0\" >\n\t\t<div class=\"vc_column-inner\" >\n\t\t\t<div class=\"wpb_wrapper\">\n\t\t\t\t\n\t\t\t<\/div> \n\t\t<\/div>\n\t<\/div> \n\n\t<div  class=\"vc_col-sm-10 wpb_column column_container vc_column_container col centered-text no-extra-padding inherit_tablet inherit_phone\"  data-padding-pos=\"all\" data-has-bg-color=\"false\" data-bg-color=\"\" data-bg-opacity=\"1\" data-animation=\"\" data-delay=\"0\" >\n\t\t<div class=\"vc_column-inner\" >\n\t\t\t<div class=\"wpb_wrapper\">\n\t\t\t\t<div id=\"fws_69ed0fa683d71\" data-midnight=\"\" data-column-margin=\"default\" class=\"wpb_row vc_row-fluid vc_row inner_row\"  style=\"\"><div class=\"row-bg-wrap\"> <div class=\"row-bg\" ><\/div> <\/div><div class=\"row_col_wrap_12_inner col span_12  left\">\n\t<div  class=\"vc_col-sm-6 wpb_column column_container vc_column_container col child_column padding-4-percent inherit_tablet inherit_phone\"   data-padding-pos=\"all\" data-has-bg-color=\"false\" data-bg-color=\"\" data-bg-opacity=\"1\" data-animation=\"\" data-delay=\"0\" >\n\t\t<div class=\"vc_column-inner\" >\n\t\t<div class=\"wpb_wrapper\">\n\t\t\t<div class=\"nectar-milestone\" data-symbol=\"%\" data-effect=\"count\" data-symbol-alignment=\"superscript\" data-symbol-pos=\"after\" data-symbol-size=\"40\" data-single-decimal-place=\"\" data-animation-delay=\"\" data-ms-align=\"default\" > <div class=\"number accent-color\" data-number-size=\"92\"><h2><span>186<\/span><\/h2><div class=\"symbol-wrap\" style=\"font-size: 40px;\"><span class=\"symbol\">%<\/span><\/div><\/div> <div class=\"subject\" style=\"padding: 2%;\">Stat 1<\/div> <\/div>\n\t\t<\/div> \n\t<\/div>\n\t<\/div> \n\n\t<div  class=\"vc_col-sm-6 wpb_column column_container vc_column_container col child_column padding-4-percent inherit_tablet inherit_phone\"   data-padding-pos=\"all\" data-has-bg-color=\"false\" data-bg-color=\"\" data-bg-opacity=\"1\" data-animation=\"\" data-delay=\"0\" >\n\t\t<div class=\"vc_column-inner\" >\n\t\t<div class=\"wpb_wrapper\">\n\t\t\t<div class=\"nectar-milestone\"  data-single-decimal-place=\"\" data-animation-delay=\"\" data-ms-align=\"default\" > <div class=\"number accent-color\" data-number-size=\"92\"><h2><span>6356<\/span><\/h2><\/div> <div class=\"subject\" style=\"padding: 2%;\">Services Completed in 2022<\/div> <\/div>\n\t\t<\/div> \n\t<\/div>\n\t<\/div> \n<\/div><\/div>\n\t\t\t<\/div> \n\t\t<\/div>\n\t<\/div> \n\n\t<div  class=\"vc_col-sm-1 wpb_column column_container vc_column_container col no-extra-padding inherit_tablet inherit_phone\"  data-padding-pos=\"all\" data-has-bg-color=\"false\" data-bg-color=\"\" data-bg-opacity=\"1\" data-animation=\"\" data-delay=\"0\" >\n\t\t<div class=\"vc_column-inner\" >\n\t\t\t<div class=\"wpb_wrapper\">\n\t\t\t\t\n\t\t\t<\/div> \n\t\t<\/div>\n\t<\/div> \n<\/div><\/div>\n\t\t<div id=\"fws_69ed0fa6842c5\"  data-column-margin=\"default\" data-midnight=\"dark\" data-top-percent=\"4%\" data-bottom-percent=\"4%\"  class=\"wpb_row vc_row-fluid vc_row full-width-section\"  style=\"padding-top: calc(100vw * 0.04); padding-bottom: calc(100vw * 0.04); \"><div class=\"row-bg-wrap\" data-bg-animation=\"none\" data-bg-animation-delay=\"\" data-bg-overlay=\"false\"><div class=\"inner-wrap row-bg-layer\" ><div class=\"row-bg viewport-desktop\"  style=\"\"><\/div><\/div><\/div><div class=\"row_col_wrap_12 col span_12 dark left\">\n\t<div  class=\"vc_col-sm-12 wpb_column column_container vc_column_container col no-extra-padding inherit_tablet inherit_phone\"  data-padding-pos=\"all\" data-has-bg-color=\"false\" data-bg-color=\"\" data-bg-opacity=\"1\" data-animation=\"\" data-delay=\"0\" >\n\t\t<div class=\"vc_column-inner\" >\n\t\t\t<div class=\"wpb_wrapper\">\n\t\t\t\t<div id=\"fws_69ed0fa684460\" data-midnight=\"\" data-column-margin=\"90px\" class=\"wpb_row vc_row-fluid vc_row inner_row\"  style=\"\"><div class=\"row-bg-wrap\"> <div class=\"row-bg\" ><\/div> <\/div><div class=\"row_col_wrap_12_inner col span_12  left\">\n\t<div  class=\"vc_col-sm-12 wpb_column column_container vc_column_container col child_column has-animation padding-2-percent inherit_tablet inherit_phone\"   data-padding-pos=\"right\" data-has-bg-color=\"false\" data-bg-color=\"\" data-bg-opacity=\"1\" data-animation=\"fade-in-from-bottom\" data-delay=\"0\" >\n\t\t<div class=\"vc_column-inner\" >\n\t\t<div class=\"wpb_wrapper\">\n\t\t\t\n<div class=\"wpb_text_column wpb_content_element\" >\n\t<h2>Utility Installations<\/h2>\n<\/div>\n\n\n\n\n<div class=\"wpb_text_column wpb_content_element\" >\n\t<p>Das-Co Of Idaho is your trusted partner for efficient and reliable <a href=\"https:\/\/www.intgas.com\/\">natural gas installations<\/a>. With our extensive experience and expertise in the field, we specialize in providing top-notch service. Our team of skilled professionals is equipped with the latest technology and industry knowledge to ensure the safe and seamless installation of natural gas pipelines.<\/p>\n<p>En Das-Co Of Idaho, entendemos la importancia de las instalaciones de gas natural y la importancia de cumplir con estrictos est\u00e1ndares de seguridad. Priorizamos la seguridad en todos los aspectos de nuestro trabajo, desde la fase de planificaci\u00f3n y dise\u00f1o hasta el proceso de instalaci\u00f3n real. Nuestro equipo realiza evaluaciones exhaustivas del sitio del proyecto, identificando riesgos potenciales e implementando medidas de seguridad integrales para mitigarlos.<\/p>\n<p>Estamos orgullosos de nuestra capacidad para manejar proyectos de diversas escalas y complejidades. Ya sea que se trate de un proyecto comercial a gran escala o de tuber\u00edas de transmisi\u00f3n , tenemos los recursos y la experiencia para ofrecer resultados excepcionales. Nuestros equipos experimentados trabajan en estrecha colaboraci\u00f3n con los clientes para comprender sus requisitos espec\u00edficos y desarrollar soluciones personalizadas que satisfagan sus necesidades y presupuesto. <span data-ogsc=\"red\">or transmission pipelines<\/span>, we have the resources and expertise to deliver exceptional results. Our experienced teams work closely with clients to understand their specific requirements and develop customized solutions that meet their needs and budget.<\/p>\n<p>Cuando elige Das-Co Of Idaho para sus instalaciones de gas natural, puede esperar una gesti\u00f3n eficiente del proyecto, una finalizaci\u00f3n oportuna y una mano de obra superior. Priorizamos la comunicaci\u00f3n abierta y transparente durante todo el proceso, manteniendo a los clientes informados sobre los hitos y avances del proyecto. Nuestro objetivo es superar las expectativas y ofrecer instalaciones que cumplan con los m\u00e1s altos est\u00e1ndares de la industria.<\/p>\n<p>Trust Das-Co Of Idaho for all your natural gas installation needs. With our commitment to safety, expertise in the field, and dedication to customer satisfaction, we are the preferred choice for reliable and efficient natural gas installations. Contact us today to discuss your project requirements and let us provide you with a tailored solution that meets your needs. We employ knowledgeable and professional employee-owners to help make sure your project is done right.<\/p>\n<\/div>\n\n\n\n\n\t\t<\/div> \n\t<\/div>\n\t<\/div> \n<\/div><\/div>\n\t\t\t<\/div> \n\t\t<\/div>\n\t<\/div> \n<\/div><\/div>","protected":false},"excerpt":{"rendered":"Natural Gas 186% Stat 1 6356 Services Completed in 2022 Utility Installations Das-Co Of Idaho is your trusted partner for efficient and reliable natural gas installations. With our extensive experience...","protected":false},"author":1,"featured_media":0,"parent":0,"menu_order":0,"comment_status":"closed","ping_status":"closed","template":"","meta":{"footnotes":""},"class_list":["post-417","page","type-page","status-publish"],"yoast_head":"<!-- This site is optimized with the Yoast SEO Premium plugin v27.0 (Yoast SEO v27.0) - https:\/\/yoast.com\/product\/yoast-seo-premium-wordpress\/ -->\n<title>Expert Natural Gas Installations: Trust Das-Co Of Idaho - Das-Co Of Idaho<\/title>\n<meta name=\"description\" content=\"Experience top-notch natural gas installations with Das-Co Of Idaho. Our team of skilled professionals ensures safe and efficient installs.\" \/>\n<meta name=\"robots\" content=\"index, follow, max-snippet:-1, max-image-preview:large, max-video-preview:-1\" \/>\n<link rel=\"canonical\" href=\"https:\/\/dascoidaho.com\/es\/natural-gas\/\" \/>\n<meta property=\"og:locale\" content=\"es_MX\" \/>\n<meta property=\"og:type\" content=\"article\" \/>\n<meta property=\"og:title\" content=\"Natural Gas\" \/>\n<meta property=\"og:description\" content=\"Experience top-notch natural gas installations with Das-Co Of Idaho. Our team of skilled professionals ensures safe and efficient installs.\" \/>\n<meta property=\"og:url\" content=\"https:\/\/dascoidaho.com\/es\/natural-gas\/\" \/>\n<meta property=\"og:site_name\" content=\"Das-Co Of Idaho\" \/>\n<meta property=\"article:publisher\" content=\"https:\/\/www.facebook.com\/dascoidaho\" \/>\n<meta property=\"article:modified_time\" content=\"2024-08-20T19:53:32+00:00\" \/>\n<meta name=\"twitter:card\" content=\"summary_large_image\" \/>\n<meta name=\"twitter:label1\" content=\"Tiempo de lectura\" \/>\n\t<meta name=\"twitter:data1\" content=\"4 minutos\" \/>\n<script type=\"application\/ld+json\" class=\"yoast-schema-graph\">{\"@context\":\"https:\/\/schema.org\",\"@graph\":[{\"@type\":\"WebPage\",\"@id\":\"https:\/\/dascoidaho.com\/natural-gas\/\",\"url\":\"https:\/\/dascoidaho.com\/natural-gas\/\",\"name\":\"Expert Natural Gas Installations: Trust Das-Co Of Idaho - Das-Co Of Idaho\",\"isPartOf\":{\"@id\":\"https:\/\/dascoidaho.com\/#website\"},\"datePublished\":\"2023-05-12T16:59:48+00:00\",\"dateModified\":\"2024-08-20T19:53:32+00:00\",\"description\":\"Experience top-notch natural gas installations with Das-Co Of Idaho. Our team of skilled professionals ensures safe and efficient installs.\",\"breadcrumb\":{\"@id\":\"https:\/\/dascoidaho.com\/natural-gas\/#breadcrumb\"},\"inLanguage\":\"es\",\"potentialAction\":[{\"@type\":\"ReadAction\",\"target\":[\"https:\/\/dascoidaho.com\/natural-gas\/\"]}]},{\"@type\":\"BreadcrumbList\",\"@id\":\"https:\/\/dascoidaho.com\/natural-gas\/#breadcrumb\",\"itemListElement\":[{\"@type\":\"ListItem\",\"position\":1,\"name\":\"Home\",\"item\":\"https:\/\/dascoidaho.com\/\"},{\"@type\":\"ListItem\",\"position\":2,\"name\":\"Natural Gas\"}]},{\"@type\":\"WebSite\",\"@id\":\"https:\/\/dascoidaho.com\/#website\",\"url\":\"https:\/\/dascoidaho.com\/\",\"name\":\"Das-Co Of Idaho\",\"description\":\"Employee-Owned\",\"publisher\":{\"@id\":\"https:\/\/dascoidaho.com\/#organization\"},\"potentialAction\":[{\"@type\":\"SearchAction\",\"target\":{\"@type\":\"EntryPoint\",\"urlTemplate\":\"https:\/\/dascoidaho.com\/?s={search_term_string}\"},\"query-input\":{\"@type\":\"PropertyValueSpecification\",\"valueRequired\":true,\"valueName\":\"search_term_string\"}}],\"inLanguage\":\"es\"},{\"@type\":\"Organization\",\"@id\":\"https:\/\/dascoidaho.com\/#organization\",\"name\":\"Das-Co Of Idaho\",\"url\":\"https:\/\/dascoidaho.com\/\",\"logo\":{\"@type\":\"ImageObject\",\"inLanguage\":\"es\",\"@id\":\"https:\/\/dascoidaho.com\/#\/schema\/logo\/image\/\",\"url\":\"https:\/\/dascoidaho.com\/wp-content\/uploads\/2021\/10\/dasco-letterhead-spaced.jpg\",\"contentUrl\":\"https:\/\/dascoidaho.com\/wp-content\/uploads\/2021\/10\/dasco-letterhead-spaced.jpg\",\"width\":939,\"height\":297,\"caption\":\"Das-Co Of Idaho\"},\"image\":{\"@id\":\"https:\/\/dascoidaho.com\/#\/schema\/logo\/image\/\"},\"sameAs\":[\"https:\/\/www.facebook.com\/dascoidaho\",\"https:\/\/www.instagram.com\/dascoidaho\/\"]}]}<\/script>\n<!-- \/ Yoast SEO Premium plugin. -->","yoast_head_json":{"title":"Expert Natural Gas Installations: Trust Das-Co Of Idaho - Das-Co Of Idaho","description":"Experience top-notch natural gas installations with Das-Co Of Idaho. Our team of skilled professionals ensures safe and efficient installs.","robots":{"index":"index","follow":"follow","max-snippet":"max-snippet:-1","max-image-preview":"max-image-preview:large","max-video-preview":"max-video-preview:-1"},"canonical":"https:\/\/dascoidaho.com\/es\/natural-gas\/","og_locale":"es_MX","og_type":"article","og_title":"Natural Gas","og_description":"Experience top-notch natural gas installations with Das-Co Of Idaho. Our team of skilled professionals ensures safe and efficient installs.","og_url":"https:\/\/dascoidaho.com\/es\/natural-gas\/","og_site_name":"Das-Co Of Idaho","article_publisher":"https:\/\/www.facebook.com\/dascoidaho","article_modified_time":"2024-08-20T19:53:32+00:00","twitter_card":"summary_large_image","twitter_misc":{"Tiempo de lectura":"4 minutos"},"schema":{"@context":"https:\/\/schema.org","@graph":[{"@type":"WebPage","@id":"https:\/\/dascoidaho.com\/natural-gas\/","url":"https:\/\/dascoidaho.com\/natural-gas\/","name":"Expert Natural Gas Installations: Trust Das-Co Of Idaho - Das-Co Of Idaho","isPartOf":{"@id":"https:\/\/dascoidaho.com\/#website"},"datePublished":"2023-05-12T16:59:48+00:00","dateModified":"2024-08-20T19:53:32+00:00","description":"Experience top-notch natural gas installations with Das-Co Of Idaho. Our team of skilled professionals ensures safe and efficient installs.","breadcrumb":{"@id":"https:\/\/dascoidaho.com\/natural-gas\/#breadcrumb"},"inLanguage":"es","potentialAction":[{"@type":"ReadAction","target":["https:\/\/dascoidaho.com\/natural-gas\/"]}]},{"@type":"BreadcrumbList","@id":"https:\/\/dascoidaho.com\/natural-gas\/#breadcrumb","itemListElement":[{"@type":"ListItem","position":1,"name":"Home","item":"https:\/\/dascoidaho.com\/"},{"@type":"ListItem","position":2,"name":"Natural Gas"}]},{"@type":"WebSite","@id":"https:\/\/dascoidaho.com\/#website","url":"https:\/\/dascoidaho.com\/","name":"Das-Co Of Idaho","description":"Propiedad de los empleados","publisher":{"@id":"https:\/\/dascoidaho.com\/#organization"},"potentialAction":[{"@type":"SearchAction","target":{"@type":"EntryPoint","urlTemplate":"https:\/\/dascoidaho.com\/?s={search_term_string}"},"query-input":{"@type":"PropertyValueSpecification","valueRequired":true,"valueName":"search_term_string"}}],"inLanguage":"es"},{"@type":"Organization","@id":"https:\/\/dascoidaho.com\/#organization","name":"Das-Co Of Idaho","url":"https:\/\/dascoidaho.com\/","logo":{"@type":"ImageObject","inLanguage":"es","@id":"https:\/\/dascoidaho.com\/#\/schema\/logo\/image\/","url":"https:\/\/dascoidaho.com\/wp-content\/uploads\/2021\/10\/dasco-letterhead-spaced.jpg","contentUrl":"https:\/\/dascoidaho.com\/wp-content\/uploads\/2021\/10\/dasco-letterhead-spaced.jpg","width":939,"height":297,"caption":"Das-Co Of Idaho"},"image":{"@id":"https:\/\/dascoidaho.com\/#\/schema\/logo\/image\/"},"sameAs":["https:\/\/www.facebook.com\/dascoidaho","https:\/\/www.instagram.com\/dascoidaho\/"]}]}},"_links":{"self":[{"href":"https:\/\/dascoidaho.com\/es\/wp-json\/wp\/v2\/pages\/417","targetHints":{"allow":["GET"]}}],"collection":[{"href":"https:\/\/dascoidaho.com\/es\/wp-json\/wp\/v2\/pages"}],"about":[{"href":"https:\/\/dascoidaho.com\/es\/wp-json\/wp\/v2\/types\/page"}],"author":[{"embeddable":true,"href":"https:\/\/dascoidaho.com\/es\/wp-json\/wp\/v2\/users\/1"}],"replies":[{"embeddable":true,"href":"https:\/\/dascoidaho.com\/es\/wp-json\/wp\/v2\/comments?post=417"}],"version-history":[{"count":12,"href":"https:\/\/dascoidaho.com\/es\/wp-json\/wp\/v2\/pages\/417\/revisions"}],"predecessor-version":[{"id":660,"href":"https:\/\/dascoidaho.com\/es\/wp-json\/wp\/v2\/pages\/417\/revisions\/660"}],"wp:attachment":[{"href":"https:\/\/dascoidaho.com\/es\/wp-json\/wp\/v2\/media?parent=417"}],"curies":[{"name":"wp","href":"https:\/\/api.w.org\/{rel}","templated":true}]}}